{"id":539,"date":"2024-03-20T09:12:37","date_gmt":"2024-03-20T08:12:37","guid":{"rendered":"https:\/\/www.soneo.pl\/?page_id=539"},"modified":"2026-05-06T10:54:03","modified_gmt":"2026-05-06T08:54:03","slug":"kontakt","status":"publish","type":"page","link":"https:\/\/www.soneo.pl\/index.php\/kontakt\/","title":{"rendered":"KONTAKT"},"content":{"rendered":"\t\t<div data-elementor-type=\"wp-page\" data-elementor-id=\"539\" class=\"elementor elementor-539\" data-elementor-post-type=\"page\">\n\t\t\t\t<div class=\"elementor-element elementor-element-8e88afc e-flex e-con-boxed e-con e-parent\" data-id=\"8e88afc\" data-element_type=\"container\" data-settings=\"{&quot;container_type&quot;:&quot;flex&quot;,&quot;content_width&quot;:&quot;boxed&quot;}\" data-core-v316-plus=\"true\">\n\t\t\t\t\t<div class=\"e-con-inner\">\n\t\t\t\t<div class=\"elementor-element elementor-element-2b115b0 elementor-widget elementor-widget-heading\" data-id=\"2b115b0\" data-element_type=\"widget\" data-e-bg-lazyload=\".elementor-widget-container\" data-widget_type=\"heading.default\">\n\t\t\t\t<div class=\"elementor-widget-container\">\n\t\t\t<style>\/*! elementor - v3.19.0 - 29-01-2024 *\/\n.elementor-heading-title{padding:0;margin:0;line-height:1}.elementor-widget-heading .elementor-heading-title[class*=elementor-size-]>a{color:inherit;font-size:inherit;line-height:inherit}.elementor-widget-heading .elementor-heading-title.elementor-size-small{font-size:15px}.elementor-widget-heading .elementor-heading-title.elementor-size-medium{font-size:19px}.elementor-widget-heading .elementor-heading-title.elementor-size-large{font-size:29px}.elementor-widget-heading .elementor-heading-title.elementor-size-xl{font-size:39px}.elementor-widget-heading .elementor-heading-title.elementor-size-xxl{font-size:59px}<\/style><h2 class=\"elementor-heading-title elementor-size-default\">\nGotowi do dzia\u0142ania \u2013 skontaktuj si\u0119 z nami!\n<\/h2>\t\t<\/div>\n\t\t\t\t<\/div>\n\t\t\t\t\t<\/div>\n\t\t\t\t<\/div>\n\t\t<div class=\"elementor-element elementor-element-269bb88 e-flex e-con-boxed e-con e-parent\" data-id=\"269bb88\" data-element_type=\"container\" data-settings=\"{&quot;container_type&quot;:&quot;flex&quot;,&quot;content_width&quot;:&quot;boxed&quot;}\" data-core-v316-plus=\"true\">\n\t\t\t\t\t<div class=\"e-con-inner\">\n\t\t<div class=\"elementor-element elementor-element-4e3649a e-con-full e-flex elementor-invisible e-con e-child\" data-id=\"4e3649a\" data-element_type=\"container\" data-settings=\"{&quot;content_width&quot;:&quot;full&quot;,&quot;animation&quot;:&quot;fadeIn&quot;,&quot;container_type&quot;:&quot;flex&quot;}\">\n\t\t\t\t<div class=\"elementor-element elementor-element-8b4698b elementor-widget__width-initial elementor-widget elementor-widget-text-editor\" data-id=\"8b4698b\" data-element_type=\"widget\" data-widget_type=\"text-editor.default\">\n\t\t\t\t<div class=\"elementor-widget-container\">\n\t\t\t<style>\/*! elementor - v3.19.0 - 29-01-2024 *\/\n.elementor-widget-text-editor.elementor-drop-cap-view-stacked .elementor-drop-cap{background-color:#69727d;color:#fff}.elementor-widget-text-editor.elementor-drop-cap-view-framed .elementor-drop-cap{color:#69727d;border:3px solid;background-color:transparent}.elementor-widget-text-editor:not(.elementor-drop-cap-view-default) .elementor-drop-cap{margin-top:8px}.elementor-widget-text-editor:not(.elementor-drop-cap-view-default) .elementor-drop-cap-letter{width:1em;height:1em}.elementor-widget-text-editor .elementor-drop-cap{float:left;text-align:center;line-height:1;font-size:50px}.elementor-widget-text-editor .elementor-drop-cap-letter{display:inline-block}<\/style>\t\t\t\t<p>\u00a0<\/p><p><img decoding=\"async\" class=\"alignnone size-full wp-image-553\" src=\"https:\/\/www.soneo.pl\/wp-content\/uploads\/2024\/03\/supermaket.png\" alt=\"\" width=\"64\" height=\"64\" \/><\/p><p style=\"text-align: center;\"><span style=\"font-family: arial black, sans-serif;\"><strong><span style=\"font-family: trebuchet ms, geneva, sans-serif; font-size: 18pt;\">Dzia\u0142 handlowy<\/span><\/strong><br \/><strong><span style=\"font-family: trebuchet ms, geneva, sans-serif; font-size: 18pt;\">&#8212;&#8212;&#8212;&#8212;<\/span><\/strong><br \/><span style=\"font-family: arial, helvetica, sans-serif;\">Centrala<\/span><br \/><span style=\"font-family: arial, helvetica, sans-serif;\">tel. 535 907 222<\/span><br \/><span style=\"font-family: arial, helvetica, sans-serif;\">email: kontakt@soneo.pl<\/span><\/span><\/p>\t\t\t\t\t\t<\/div>\n\t\t\t\t<\/div>\n\t\t\t\t<\/div>\n\t\t<div class=\"elementor-element elementor-element-e4b7741 e-con-full e-flex elementor-invisible e-con e-child\" data-id=\"e4b7741\" data-element_type=\"container\" data-settings=\"{&quot;content_width&quot;:&quot;full&quot;,&quot;animation&quot;:&quot;fadeIn&quot;,&quot;animation_delay&quot;:400,&quot;container_type&quot;:&quot;flex&quot;}\">\n\t\t\t\t<div class=\"elementor-element elementor-element-2f0d307 elementor-widget__width-initial elementor-widget elementor-widget-text-editor\" data-id=\"2f0d307\" data-element_type=\"widget\" data-widget_type=\"text-editor.default\">\n\t\t\t\t<div class=\"elementor-widget-container\">\n\t\t\t\t\t\t\t<p>\u00a0<\/p><p><img decoding=\"async\" class=\"alignnone size-full wp-image-578\" src=\"https:\/\/www.soneo.pl\/wp-content\/uploads\/2024\/03\/electric-power.png\" alt=\"\" width=\"64\" height=\"64\" \/><\/p><p style=\"text-align: center;\"><span style=\"font-family: arial black, sans-serif;\"><span style=\"font-size: 18pt; font-family: trebuchet ms, geneva, sans-serif;\"><strong>Dzia\u0142 instalacji<\/strong><\/span><br \/><span style=\"font-size: 18pt; font-family: trebuchet ms, geneva, sans-serif;\"><strong>&#8212;&#8212;&#8212;&#8212;<\/strong><\/span><br \/><span style=\"font-family: arial, helvetica, sans-serif;\">Centrala<\/span><br \/><span style=\"font-family: arial, helvetica, sans-serif;\">tel. 535 907 222<\/span><br \/><span style=\"font-family: arial, helvetica, sans-serif;\">email: kontakt@soneo.pl<\/span><\/span><\/p>\t\t\t\t\t\t<\/div>\n\t\t\t\t<\/div>\n\t\t\t\t<\/div>\n\t\t<div class=\"elementor-element elementor-element-c0465e2 e-con-full e-flex elementor-invisible e-con e-child\" data-id=\"c0465e2\" data-element_type=\"container\" data-settings=\"{&quot;content_width&quot;:&quot;full&quot;,&quot;animation&quot;:&quot;fadeIn&quot;,&quot;animation_delay&quot;:800,&quot;container_type&quot;:&quot;flex&quot;}\">\n\t\t\t\t<div class=\"elementor-element elementor-element-028fa7d elementor-widget__width-initial elementor-widget elementor-widget-text-editor\" data-id=\"028fa7d\" data-element_type=\"widget\" data-widget_type=\"text-editor.default\">\n\t\t\t\t<div class=\"elementor-widget-container\">\n\t\t\t\t\t\t\t<p>\u00a0<\/p><p><img decoding=\"async\" class=\"alignnone size-full wp-image-568\" src=\"https:\/\/www.soneo.pl\/wp-content\/uploads\/2024\/03\/blueprint.png\" alt=\"\" width=\"64\" height=\"64\" \/><\/p><p style=\"text-align: center;\"><span style=\"font-family: arial black, sans-serif;\"><span style=\"font-family: trebuchet ms, geneva, sans-serif; font-size: 18pt;\"><strong>Biuro projektowe<\/strong><\/span><br \/><span style=\"font-family: trebuchet ms, geneva, sans-serif; font-size: 18pt;\"><strong>&#8212;&#8212;&#8212;&#8212;<\/strong><\/span><br \/><span style=\"font-family: arial, helvetica, sans-serif;\">Centrala<\/span><br \/><span style=\"font-family: arial, helvetica, sans-serif;\">tel. 728 539 391<\/span><br \/><span style=\"font-family: arial, helvetica, sans-serif;\">email: s.derner@soneo.pl<\/span><\/span><\/p>\t\t\t\t\t\t<\/div>\n\t\t\t\t<\/div>\n\t\t\t\t<\/div>\n\t\t\t\t\t<\/div>\n\t\t\t\t<\/div>\n\t\t<div class=\"elementor-element elementor-element-b79a72e e-flex e-con-boxed e-con e-parent\" data-id=\"b79a72e\" data-element_type=\"container\" data-settings=\"{&quot;container_type&quot;:&quot;flex&quot;,&quot;content_width&quot;:&quot;boxed&quot;}\" data-core-v316-plus=\"true\">\n\t\t\t\t\t<div class=\"e-con-inner\">\n\t\t\t\t<div class=\"elementor-element elementor-element-d1134f4 elementor-widget elementor-widget-formidable\" data-id=\"d1134f4\" data-element_type=\"widget\" data-widget_type=\"formidable.default\">\n\t\t\t\t<div class=\"elementor-widget-container\">\n\t\t\t<div class=\"frm_forms  with_frm_style frm_style_formidable-style\" id=\"frm_form_3_container\" data-token=\"5dae842f929afbad27bfbaf166da5f65\">\n<form enctype=\"multipart\/form-data\" method=\"post\" class=\"frm-show-form \" id=\"form_d4er3\"  data-token=\"5dae842f929afbad27bfbaf166da5f65\">\n<div class=\"frm_form_fields \">\n<fieldset>\n<legend class=\"frm_screen_reader\"><\/legend>\r\n\r\n<div class=\"frm_fields_container\">\n<input type=\"hidden\" name=\"frm_action\" value=\"create\" \/>\n<input type=\"hidden\" name=\"form_id\" value=\"3\" \/>\n<input type=\"hidden\" name=\"frm_hide_fields_3\" id=\"frm_hide_fields_3\" value=\"\" \/>\n<input type=\"hidden\" name=\"form_key\" value=\"d4er3\" \/>\n<input type=\"hidden\" name=\"item_meta[0]\" value=\"\" \/>\n<input type=\"hidden\" id=\"frm_submit_entry_3\" name=\"frm_submit_entry_3\" value=\"49cabad36e\" \/><input type=\"hidden\" name=\"_wp_http_referer\" value=\"\/index.php\/wp-json\/wp\/v2\/pages\/539\" \/><div id=\"frm_field_13_container\" class=\"frm_form_field  frm12 frm_first frm_html_container form-field\">\n<h2 style=\"text-align: center;\"><span style=\"font-family: trebuchet ms, geneva, sans-serif;\"><strong>Chcesz zam\u00f3wi\u0107 us\u0142ug\u0119?<br \/><\/strong><\/span><span style=\"font-family: trebuchet ms, geneva, sans-serif;\">Wype\u0142nij formularz a nasi eksperci dobior\u0105 najlepsze rozwi\u0105zania do Twoich potrzeb.<strong><\/p>\n<p><\/strong><\/span><\/h2>\n<\/div>\n<div id=\"frm_field_18_container\" class=\"frm_form_field form-field  frm_required_field frm_top_container frm6 frm_first\">\r\n    <label for=\"field_j3ndf\" id=\"field_j3ndf_label\" class=\"frm_primary_label\">Interesuje mnie zakup systemu\r\n        <span class=\"frm_required\" aria-hidden=\"true\">*<\/span>\r\n    <\/label>\r\n    \t\t<select name=\"item_meta[18]\" id=\"field_j3ndf\"  placeholder=\"Wybierz\" data-reqmsg=\"Interesuje mnie zakup systemu cannot be blank.\" aria-required=\"true\" data-invmsg=\"Interesuje mnie zakup systemu is invalid\" aria-invalid=\"false\"  >\n\t\t<option  class=\"frm-select-placeholder\" value=\"\" data-placeholder=\"true\">Wybierz<\/option><option  value=\"Monitoring CCTV\">Monitoring CCTV<\/option><option  value=\"Alarm\">Alarm<\/option><option  value=\"System SSP\">System SSP<\/option><option  value=\"Sie\u0107 \u015bwiat\u0142owodu lub LAN\">Sie\u0107 \u015bwiat\u0142owodu lub LAN<\/option><option  value=\"Kontrola dost\u0119pu\">Kontrola dost\u0119pu<\/option><option  value=\"Rejestracja czasu pracy\">Rejestracja czasu pracy<\/option><option  value=\"Inteligentny budynek\">Inteligentny budynek<\/option><option  value=\"Elektryka\">Elektryka<\/option><option  value=\"Domofon\/wideodomofon\">Domofon\/wideodomofon<\/option><option  value=\"Prace projektowe\">Prace projektowe<\/option><option  value=\"Inne\/kilka system\u00f3w razem\">Inne\/kilka system\u00f3w razem<\/option>\t<\/select>\n\t\r\n    \r\n    \r\n<\/div>\n<div id=\"frm_field_17_container\" class=\"frm_form_field form-field  frm_required_field frm_top_container frm6\">\r\n    <label for=\"field_mhbge\" id=\"field_mhbge_label\" class=\"frm_primary_label\">Wybierz rodzaj nieruchomo\u015bci\r\n        <span class=\"frm_required\" aria-hidden=\"true\">*<\/span>\r\n    <\/label>\r\n    \t\t<select name=\"item_meta[17]\" id=\"field_mhbge\"  data-frmval=\"Wybierz\" data-frmplaceholder=\"Wybierz\" placeholder=\"Wybierz\" data-reqmsg=\"Wybierz rodzaj nieruchomo\u015bci cannot be blank.\" aria-required=\"true\" data-invmsg=\"Wybierz rodzaj nieruchomo\u015bci is invalid\" aria-invalid=\"false\"  >\n\t\t<option  class=\"frm-select-placeholder\" value=\"\" data-placeholder=\"true\">Wybierz<\/option><option  value=\"Biurowiec\">Biurowiec<\/option><option  value=\"Hala - magazyn\/produkcja\">Hala - magazyn\/produkcja<\/option><option  value=\"Galeria\/Sklep\">Galeria\/Sklep<\/option><option  value=\"Parking\">Parking<\/option><option  value=\"Inna nieruchomo\u015b\u0107 firmowa\">Inna nieruchomo\u015b\u0107 firmowa<\/option><option  value=\"Dom jednorodzinny\/blok\">Dom jednorodzinny\/blok<\/option>\t<\/select>\n\t\r\n    \r\n    \r\n<\/div>\n<div id=\"frm_field_24_container\" class=\"frm_form_field form-field  frm_required_field frm_top_container frm12 frm_first\">\n    <label for=\"field_okaa0\" id=\"field_okaa0_label\" class=\"frm_primary_label\">Kiedy planujesz zakup\/instalacj\u0119:\n        <span class=\"frm_required\" aria-hidden=\"true\">*<\/span>\n    <\/label>\n    \t\t<select name=\"item_meta[24]\" id=\"field_okaa0\"  placeholder=\"Wybierz\" data-reqmsg=\"Kiedy planujesz zakup\/instalacj\u0119: cannot be blank.\" aria-required=\"true\" data-invmsg=\"Kiedy planujesz zakup\/instalacj\u0119: is invalid\" aria-invalid=\"false\"  >\n\t\t<option  class=\"frm-select-placeholder\" value=\"\" data-placeholder=\"true\">Wybierz<\/option><option  value=\"Jak najszybciej\">Jak najszybciej<\/option><option  value=\"W ci\u0105gu miesi\u0105ca\">W ci\u0105gu miesi\u0105ca<\/option><option  value=\"W ci\u0105gu 3 miesi\u0119cy\">W ci\u0105gu 3 miesi\u0119cy<\/option><option  value=\"Jeszcze nie wiem\">Jeszcze nie wiem<\/option><option  value=\"W bie\u017c\u0105cym roku\">W bie\u017c\u0105cym roku<\/option>\t<\/select>\n\t\n    \n    \n<\/div>\n<div id=\"frm_field_25_container\" class=\"frm_form_field form-field  frm_required_field frm_top_container frm6 frm_first vertical_radio\">\n    <div  id=\"field_q8mbm_label\" class=\"frm_primary_label\">Jestem:\n        <span class=\"frm_required\" aria-hidden=\"true\">*<\/span>\n    <\/div>\n    <div class=\"frm_opt_container\" aria-labelledby=\"field_q8mbm_label\" role=\"group\">\t\t<div class=\"frm_checkbox\" id=\"frm_checkbox_25-0\"><label for=\"field_q8mbm-0\"><input type=\"checkbox\" name=\"item_meta[25][]\" id=\"field_q8mbm-0\" value=\"Firm\u0105\"  data-reqmsg=\"Jestem: cannot be blank.\" data-invmsg=\"Jestem: is invalid\" aria-invalid=\"false\"   aria-required=\"true\"  \/> Firm\u0105<\/label><\/div>\n\t\t<div class=\"frm_checkbox\" id=\"frm_checkbox_25-1\"><label for=\"field_q8mbm-1\"><input type=\"checkbox\" name=\"item_meta[25][]\" id=\"field_q8mbm-1\" value=\"Osob\u0105 fizyczn\u0105\"  data-reqmsg=\"Jestem: cannot be blank.\" data-invmsg=\"Jestem: is invalid\" aria-invalid=\"false\"   \/> Osob\u0105 fizyczn\u0105<\/label><\/div>\n<\/div>\n    \n    \n<\/div>\n<div id=\"frm_field_26_container\" class=\"frm_form_field form-field  frm_required_field frm_top_container frm6\">\n    <label for=\"field_uv0hl\" id=\"field_uv0hl_label\" class=\"frm_primary_label\">Imi\u0119 i Nazwisko \/ nazwa firmy\n        <span class=\"frm_required\" aria-hidden=\"true\">*<\/span>\n    <\/label>\n    <input type=\"text\" id=\"field_uv0hl\" name=\"item_meta[26]\" value=\"\"  data-reqmsg=\"Imi\u0119 i Nazwisko \/ nazwa firmy cannot be blank.\" aria-required=\"true\" data-invmsg=\"Imi\u0119 i Nazwisko \/ nazwa firmy is invalid\" aria-invalid=\"false\"  \/>\n    \n    \n<\/div>\n<div id=\"frm_field_20_container\" class=\"frm_form_field form-field  frm_required_field frm_top_container frm6 frm_first\">\n    <label for=\"field_gs1iw\" id=\"field_gs1iw_label\" class=\"frm_primary_label\">Email\n        <span class=\"frm_required\" aria-hidden=\"true\">*<\/span>\n    <\/label>\n    <input type=\"email\" id=\"field_gs1iw\" name=\"item_meta[20]\" value=\"\"  data-reqmsg=\"Email cannot be blank.\" aria-required=\"true\" data-invmsg=\"Email is invalid\" aria-invalid=\"false\"  \/>\n    \n    \n<\/div>\n<div id=\"frm_field_22_container\" class=\"frm_form_field form-field  frm_top_container frm6\">\n    <label for=\"field_hjdze\" id=\"field_hjdze_label\" class=\"frm_primary_label\">Telefon kontaktowy\n        <span class=\"frm_required\" aria-hidden=\"true\"><\/span>\n    <\/label>\n    <input type=\"tel\" id=\"field_hjdze\" name=\"item_meta[22]\" value=\"\"  data-invmsg=\"Telefon kontaktowy is invalid\" aria-invalid=\"false\" pattern=\"((\\+\\d{1,3}(-|.| )?\\(?\\d\\)?(-| |.)?\\d{1,5})|(\\(?\\d{2,6}\\)?))(-|.| )?(\\d{3,4})(-|.| )?(\\d{4})(( x| ext)\\d{1,5}){0,1}$\"  \/>\n    \n    \n<\/div>\n<div id=\"frm_field_27_container\" class=\"frm_form_field form-field  frm_top_container\">\n    <label for=\"field_7w52g\" id=\"field_7w52g_label\" class=\"frm_primary_label\">Uwagi\/dodatkowe informacje\n        <span class=\"frm_required\" aria-hidden=\"true\"><\/span>\n    <\/label>\n    <input type=\"text\" id=\"field_7w52g\" name=\"item_meta[27]\" value=\"\"  data-invmsg=\"Uwagi\/dodatkowe informacje is invalid\" aria-invalid=\"false\"  \/>\n    \n    \n<\/div>\n<div id=\"frm_field_19_container\" class=\"frm_form_field form-field  frm_none_container\">\n    <label for=\"g-recaptcha-response\" id=\"field_5fg46_label\" class=\"frm_primary_label\">Captcha\n        <span class=\"frm_required\" aria-hidden=\"true\"><\/span>\n    <\/label>\n    \n    \n    \n<\/div>\n\t<input type=\"hidden\" name=\"item_key\" value=\"\" \/>\n\t\t\t\t<div class=\"frm__65fab43f1c913\">\n\t\t\t\t<label for=\"frm_email_3\" >\n\t\t\t\t\tIf you are human, leave this field blank.\t\t\t\t<\/label>\n\t\t\t\t<input  id=\"frm_email_3\" type=\"text\" class=\"frm_verify\" name=\"frm__65fab43f1c913\" value=\"\" autocomplete=\"false\"  \/>\n\t\t\t<\/div>\n\t\t<div class=\"frm_submit frm_flex\">\r\n<button class=\"frm_button_submit\" type=\"submit\"  >Wy\u015blij<\/button>\r\n\r\n\r\n\r\n<\/div><\/div>\n<\/fieldset>\n<\/div>\n<\/form>\n<\/div>\n\t\t<\/div>\n\t\t\t\t<\/div>\n\t\t\t\t\t<\/div>\n\t\t\t\t<\/div>\n\t\t\t\t<\/div>\n\t\t","protected":false},"excerpt":{"rendered":"<p>Gotowi do dzia\u0142ania \u2013 skontaktuj si\u0119 z nami! \u00a0 Dzia\u0142 handlowy&#8212;&#8212;&#8212;&#8212;Centralatel. 535 907 222email: kontakt@soneo.pl \u00a0 Dzia\u0142 instalacji&#8212;&#8212;&#8212;&#8212;Centralatel. 535 907 222email: kontakt@soneo.pl \u00a0 Biuro projektowe&#8212;&#8212;&#8212;&#8212;Centralatel. 728 539 391email: s.derner@soneo.pl Chcesz zam\u00f3wi\u0107 us\u0142ug\u0119?Wype\u0142nij formularz a nasi eksperci dobior\u0105 najlepsze rozwi\u0105zania do Twoich potrzeb. Interesuje mnie zakup systemu * WybierzMonitoring CCTVAlarmSystem SSPSie\u0107 \u015bwiat\u0142owodu lub LANKontrola dost\u0119puRejestracja czasu [&hellip;]<\/p>\n","protected":false},"author":1,"featured_media":0,"parent":0,"menu_order":0,"comment_status":"closed","ping_status":"closed","template":"","meta":{"footnotes":""},"class_list":["post-539","page","type-page","status-publish","hentry"],"_links":{"self":[{"href":"https:\/\/www.soneo.pl\/index.php\/wp-json\/wp\/v2\/pages\/539","targetHints":{"allow":["GET"]}}],"collection":[{"href":"https:\/\/www.soneo.pl\/index.php\/wp-json\/wp\/v2\/pages"}],"about":[{"href":"https:\/\/www.soneo.pl\/index.php\/wp-json\/wp\/v2\/types\/page"}],"author":[{"embeddable":true,"href":"https:\/\/www.soneo.pl\/index.php\/wp-json\/wp\/v2\/users\/1"}],"replies":[{"embeddable":true,"href":"https:\/\/www.soneo.pl\/index.php\/wp-json\/wp\/v2\/comments?post=539"}],"version-history":[{"count":61,"href":"https:\/\/www.soneo.pl\/index.php\/wp-json\/wp\/v2\/pages\/539\/revisions"}],"predecessor-version":[{"id":847,"href":"https:\/\/www.soneo.pl\/index.php\/wp-json\/wp\/v2\/pages\/539\/revisions\/847"}],"wp:attachment":[{"href":"https:\/\/www.soneo.pl\/index.php\/wp-json\/wp\/v2\/media?parent=539"}],"curies":[{"name":"wp","href":"https:\/\/api.w.org\/{rel}","templated":true}]}}