{"id":395,"date":"2024-02-20T14:38:27","date_gmt":"2024-02-20T13:38:27","guid":{"rendered":"http:\/\/serwer127604.lh.pl\/autoinstalator\/serwer127604.lh.pl\/wordpress51962\/?page_id=395"},"modified":"2024-03-20T08:19:17","modified_gmt":"2024-03-20T07:19:17","slug":"o-nas","status":"publish","type":"page","link":"https:\/\/www.soneo.pl\/index.php\/o-nas\/","title":{"rendered":"O NAS"},"content":{"rendered":"\t\t<div data-elementor-type=\"wp-page\" data-elementor-id=\"395\" class=\"elementor elementor-395\" data-elementor-post-type=\"page\">\n\t\t\t\t<div class=\"elementor-element elementor-element-d4be469 e-flex e-con-boxed e-con e-parent\" data-id=\"d4be469\" data-element_type=\"container\" data-settings=\"{&quot;container_type&quot;:&quot;flex&quot;,&quot;content_width&quot;:&quot;boxed&quot;}\" data-core-v316-plus=\"true\">\n\t\t\t\t\t<div class=\"e-con-inner\">\n\t\t<div class=\"elementor-element elementor-element-48ea6e3 e-con-full e-flex e-con e-child\" data-id=\"48ea6e3\" data-element_type=\"container\" data-settings=\"{&quot;content_width&quot;:&quot;full&quot;,&quot;container_type&quot;:&quot;flex&quot;}\">\n\t\t\t\t<div class=\"elementor-element elementor-element-25e3664 elementor-widget elementor-widget-image\" data-id=\"25e3664\" data-element_type=\"widget\" data-widget_type=\"image.default\">\n\t\t\t\t<div class=\"elementor-widget-container\">\n\t\t\t<style>\/*! elementor - v3.19.0 - 29-01-2024 *\/\n.elementor-widget-image{text-align:center}.elementor-widget-image a{display:inline-block}.elementor-widget-image a img[src$=\".svg\"]{width:48px}.elementor-widget-image img{vertical-align:middle;display:inline-block}<\/style>\t\t\t\t\t\t\t\t\t\t<img fetchpriority=\"high\" decoding=\"async\" width=\"800\" height=\"622\" src=\"https:\/\/www.soneo.pl\/wp-content\/uploads\/2024\/02\/mapaok-1024x796.png\" class=\"attachment-large size-large wp-image-400\" alt=\"\" srcset=\"https:\/\/www.soneo.pl\/wp-content\/uploads\/2024\/02\/mapaok-1024x796.png 1024w, https:\/\/www.soneo.pl\/wp-content\/uploads\/2024\/02\/mapaok-300x233.png 300w, https:\/\/www.soneo.pl\/wp-content\/uploads\/2024\/02\/mapaok-768x597.png 768w, https:\/\/www.soneo.pl\/wp-content\/uploads\/2024\/02\/mapaok.png 1200w\" sizes=\"(max-width: 800px) 100vw, 800px\" \/>\t\t\t\t\t\t\t\t\t\t\t\t\t<\/div>\n\t\t\t\t<\/div>\n\t\t\t\t<\/div>\n\t\t<div class=\"elementor-element elementor-element-6d8019e e-con-full e-flex e-con e-child\" data-id=\"6d8019e\" data-element_type=\"container\" data-settings=\"{&quot;content_width&quot;:&quot;full&quot;,&quot;container_type&quot;:&quot;flex&quot;}\">\n\t\t\t\t<div class=\"elementor-element elementor-element-f438b6f elementor-widget elementor-widget-heading\" data-id=\"f438b6f\" data-element_type=\"widget\" data-widget_type=\"heading.default\">\n\t\t\t\t<div class=\"elementor-widget-container\">\n\t\t\t<style>\/*! elementor - v3.19.0 - 29-01-2024 *\/\n.elementor-heading-title{padding:0;margin:0;line-height:1}.elementor-widget-heading .elementor-heading-title[class*=elementor-size-]>a{color:inherit;font-size:inherit;line-height:inherit}.elementor-widget-heading .elementor-heading-title.elementor-size-small{font-size:15px}.elementor-widget-heading .elementor-heading-title.elementor-size-medium{font-size:19px}.elementor-widget-heading .elementor-heading-title.elementor-size-large{font-size:29px}.elementor-widget-heading .elementor-heading-title.elementor-size-xl{font-size:39px}.elementor-widget-heading .elementor-heading-title.elementor-size-xxl{font-size:59px}<\/style><h2 class=\"elementor-heading-title elementor-size-default\">Profesjonalne zabezpieczenia obiekt\u00f3w \nna terenie ca\u0142ego kraju<\/h2>\t\t<\/div>\n\t\t\t\t<\/div>\n\t\t\t\t<div class=\"elementor-element elementor-element-6facb35 elementor-widget elementor-widget-text-editor\" data-id=\"6facb35\" data-element_type=\"widget\" data-widget_type=\"text-editor.default\">\n\t\t\t\t<div class=\"elementor-widget-container\">\n\t\t\t<style>\/*! elementor - v3.19.0 - 29-01-2024 *\/\n.elementor-widget-text-editor.elementor-drop-cap-view-stacked .elementor-drop-cap{background-color:#69727d;color:#fff}.elementor-widget-text-editor.elementor-drop-cap-view-framed .elementor-drop-cap{color:#69727d;border:3px solid;background-color:transparent}.elementor-widget-text-editor:not(.elementor-drop-cap-view-default) .elementor-drop-cap{margin-top:8px}.elementor-widget-text-editor:not(.elementor-drop-cap-view-default) .elementor-drop-cap-letter{width:1em;height:1em}.elementor-widget-text-editor .elementor-drop-cap{float:left;text-align:center;line-height:1;font-size:50px}.elementor-widget-text-editor .elementor-drop-cap-letter{display:inline-block}<\/style>\t\t\t\t<div class=\"flex-1 overflow-hidden\"><div class=\"react-scroll-to-bottom--css-ikspk-79elbk h-full\"><div class=\"react-scroll-to-bottom--css-ikspk-1n7m0yu\"><div class=\"flex flex-col pb-9 text-sm\"><div class=\"w-full text-token-text-primary\" data-testid=\"conversation-turn-5\"><div class=\"px-4 py-2 justify-center text-base md:gap-6 m-auto\"><div class=\"flex flex-1 text-base mx-auto gap-3 md:px-5 lg:px-1 xl:px-5 md:max-w-3xl lg:max-w-[40rem] xl:max-w-[48rem] group final-completion\"><div class=\"relative flex w-full flex-col agent-turn\"><div class=\"flex-col gap-1 md:gap-3\"><div class=\"flex flex-grow flex-col max-w-full\"><div class=\"min-h-[20px] text-message flex flex-col items-start gap-3 whitespace-pre-wrap break-words [.text-message+&amp;]:mt-5 overflow-x-auto\" data-message-author-role=\"assistant\" data-message-id=\"cccf192c-0e70-4042-92a5-9b8e83632a19\"><div class=\"markdown prose w-full break-words dark:prose-invert light\"><p style=\"text-align: center;\"><strong><span style=\"font-size: 14pt;\">Nasza firma, maj\u0105ca siedzib\u0119 w Tychach, specjalizuje si\u0119 w kompleksowych zabezpieczeniach obiekt\u00f3w na terenie ca\u0142ej Polski. ,<\/span><\/strong><\/p><p style=\"text-align: center;\"><strong><span style=\"font-size: 14pt;\">Dzia\u0142amy efektywnie dzi\u0119ki w\u0142asnym brygadom rozproszonym po r\u00f3\u017cnych miastach, co pozwala unikn\u0105\u0107 dodatkowych koszt\u00f3w. Oferujemy szeroki zakres us\u0142ug instalacyjnych elektrycznych oraz system\u00f3w zabezpiecze\u0144, w\u0142\u0105czaj\u0105c w to projektowanie, monta\u017c, serwis i konserwacj\u0119. <\/span><\/strong><\/p><p style=\"text-align: center;\"><strong><span style=\"font-size: 14pt;\">Nasz do\u015bwiadczony zesp\u00f3\u0142 i wyszkolona kadra zapewniaj\u0105 us\u0142ugi na najwy\u017cszym poziomie, z uwzgl\u0119dnieniem najnowszych technologii i standard\u00f3w bran\u017cowych. Dzi\u0119ki wizji lokalnej oraz personalizowanej ofercie, dostarczamy rozwi\u0105zania dopasowane do indywidualnych potrzeb klient\u00f3w. <\/span><\/strong><\/p><p style=\"text-align: center;\"><strong><span style=\"font-size: 14pt;\">Posiadamy certyfikacje i uprawnienia w zakresie monta\u017cu system\u00f3w renomowanych firm, gwarantuj\u0105c wysok\u0105 jako\u015b\u0107 naszych us\u0142ug. Warto\u015bci\u0105 dodan\u0105 naszej oferty s\u0105 r\u00f3wnie\u017c normy jako\u015bciowe, na kt\u00f3rych si\u0119 opieramy, oraz regularne szkolenia, kt\u00f3re uczestniczymy, aby stale podnosi\u0107 nasze kwalifikacje.<\/span><\/strong><\/p><\/div><\/div><\/div><\/div><\/div><\/div><\/div><\/div><\/div><\/div><\/div><\/div>\t\t\t\t\t\t<\/div>\n\t\t\t\t<\/div>\n\t\t\t\t<div class=\"elementor-element elementor-element-c24cd7b elementor-widget elementor-widget-button\" data-id=\"c24cd7b\" data-element_type=\"widget\" data-widget_type=\"button.default\">\n\t\t\t\t<div class=\"elementor-widget-container\">\n\t\t\t\t\t<div class=\"elementor-button-wrapper\">\n\t\t\t<a class=\"elementor-button elementor-button-link elementor-size-lg\" href=\"#\">\n\t\t\t\t\t\t<span class=\"elementor-button-content-wrapper\">\n\t\t\t\t\t\t<span class=\"elementor-button-text\">KLIKNIJ I ZOBACZ BRAN\u017bE W JAKICH DZIA\u0141AMY!<\/span>\n\t\t<\/span>\n\t\t\t\t\t<\/a>\n\t\t<\/div>\n\t\t\t\t<\/div>\n\t\t\t\t<\/div>\n\t\t\t\t<\/div>\n\t\t\t\t\t<\/div>\n\t\t\t\t<\/div>\n\t\t<div class=\"elementor-element elementor-element-44dc9db8 e-con-full e-flex e-con e-parent\" data-id=\"44dc9db8\" data-element_type=\"container\" data-settings=\"{&quot;background_background&quot;:&quot;classic&quot;,&quot;content_width&quot;:&quot;full&quot;,&quot;container_type&quot;:&quot;flex&quot;}\" data-core-v316-plus=\"true\">\n\t\t<div class=\"elementor-element elementor-element-2b88a7b9 e-con-full e-flex e-con e-child\" data-id=\"2b88a7b9\" data-element_type=\"container\" data-settings=\"{&quot;content_width&quot;:&quot;full&quot;,&quot;container_type&quot;:&quot;flex&quot;}\">\n\t\t<div class=\"elementor-element elementor-element-5d38bde2 e-con-full e-flex e-con e-child\" data-id=\"5d38bde2\" data-element_type=\"container\" data-settings=\"{&quot;content_width&quot;:&quot;full&quot;,&quot;container_type&quot;:&quot;flex&quot;}\">\n\t\t\t\t<div class=\"elementor-element elementor-element-693cf6f elementor-widget elementor-widget-image\" data-id=\"693cf6f\" data-element_type=\"widget\" data-widget_type=\"image.default\">\n\t\t\t\t<div class=\"elementor-widget-container\">\n\t\t\t\t\t\t\t\t\t\t\t\t\t<img decoding=\"async\" width=\"300\" height=\"300\" src=\"https:\/\/www.soneo.pl\/wp-content\/uploads\/2024\/02\/AAA-300x300.png\" class=\"attachment-medium size-medium wp-image-422\" alt=\"\" srcset=\"https:\/\/www.soneo.pl\/wp-content\/uploads\/2024\/02\/AAA-300x300.png 300w, https:\/\/www.soneo.pl\/wp-content\/uploads\/2024\/02\/AAA-150x150.png 150w, https:\/\/www.soneo.pl\/wp-content\/uploads\/2024\/02\/AAA.png 512w\" sizes=\"(max-width: 300px) 100vw, 300px\" \/>\t\t\t\t\t\t\t\t\t\t\t\t\t<\/div>\n\t\t\t\t<\/div>\n\t\t\t\t<div class=\"elementor-element elementor-element-4ee53602 elementor-widget elementor-widget-heading\" data-id=\"4ee53602\" data-element_type=\"widget\" data-widget_type=\"heading.default\">\n\t\t\t\t<div class=\"elementor-widget-container\">\n\t\t\t<h2 class=\"elementor-heading-title elementor-size-default\">Projektowanie<\/h2>\t\t<\/div>\n\t\t\t\t<\/div>\n\t\t\t\t<div class=\"elementor-element elementor-element-feb9e23 elementor-widget elementor-widget-text-editor\" data-id=\"feb9e23\" data-element_type=\"widget\" data-widget_type=\"text-editor.default\">\n\t\t\t\t<div class=\"elementor-widget-container\">\n\t\t\t\t\t\t\t<p>Dobry projekt to kluczowa podstawa skutecznego systemu zabezpiecze\u0144. Precyzyjne planowanie pozwala dopasowa\u0107 rozwi\u0105zania do konkretnych potrzeb klienta i charakterystyki obiektu. Integracja technologii z istniej\u0105c\u0105 infrastruktur\u0105 gwarantuje p\u0142ynne dzia\u0142anie systemu. Profesjonalny projekt minimalizuje ryzyko awarii i u\u0142atwia p\u00f3\u017aniejsz\u0105 konserwacj\u0119 oraz rozbudow\u0119. Zapewnienie zgodno\u015bci z normami bezpiecze\u0144stwa jest kluczowe dla ochrony obiektu i przestrzegania przepis\u00f3w. W\u0142a\u015bnie tym zajmujemy si\u0119 w naszej firmie, oferuj\u0105c kompleksowe us\u0142ugi projektowania i instalacji system\u00f3w zabezpiecze\u0144, zapewniaj\u0105c naszym klientom spok\u00f3j i bezpiecze\u0144stwo ich obiekt\u00f3w.<\/p><p>\u00a0<\/p><p>\u00a0<\/p>\t\t\t\t\t\t<\/div>\n\t\t\t\t<\/div>\n\t\t\t\t<\/div>\n\t\t<div class=\"elementor-element elementor-element-59151198 e-con-full e-flex e-con e-child\" data-id=\"59151198\" data-element_type=\"container\" data-settings=\"{&quot;content_width&quot;:&quot;full&quot;,&quot;container_type&quot;:&quot;flex&quot;}\">\n\t\t\t\t<div class=\"elementor-element elementor-element-7a903901 elementor-widget elementor-widget-heading\" data-id=\"7a903901\" data-element_type=\"widget\" data-widget_type=\"heading.default\">\n\t\t\t\t<div class=\"elementor-widget-container\">\n\t\t\t<h2 class=\"elementor-heading-title elementor-size-default\">Sprzeda\u017c i dostawa<\/h2>\t\t<\/div>\n\t\t\t\t<\/div>\n\t\t\t\t<div class=\"elementor-element elementor-element-a4dff30 elementor-widget elementor-widget-image\" data-id=\"a4dff30\" data-element_type=\"widget\" data-widget_type=\"image.default\">\n\t\t\t\t<div class=\"elementor-widget-container\">\n\t\t\t\t\t\t\t\t\t\t\t\t\t<img decoding=\"async\" width=\"300\" height=\"300\" src=\"https:\/\/www.soneo.pl\/wp-content\/uploads\/2024\/02\/shop-300x300.png\" class=\"attachment-medium size-medium wp-image-423\" alt=\"\" srcset=\"https:\/\/www.soneo.pl\/wp-content\/uploads\/2024\/02\/shop-300x300.png 300w, https:\/\/www.soneo.pl\/wp-content\/uploads\/2024\/02\/shop-150x150.png 150w, https:\/\/www.soneo.pl\/wp-content\/uploads\/2024\/02\/shop.png 512w\" sizes=\"(max-width: 300px) 100vw, 300px\" \/>\t\t\t\t\t\t\t\t\t\t\t\t\t<\/div>\n\t\t\t\t<\/div>\n\t\t\t\t<div class=\"elementor-element elementor-element-758f157a elementor-widget elementor-widget-text-editor\" data-id=\"758f157a\" data-element_type=\"widget\" data-widget_type=\"text-editor.default\">\n\t\t\t\t<div class=\"elementor-widget-container\">\n\t\t\t\t\t\t\t<p>W naszej firmie nie tylko projektujemy i instalujemy systemy zabezpiecze\u0144, ale tak\u017ce dbamy o kompleksow\u0105 obs\u0142ug\u0119 naszych klient\u00f3w na ka\u017cdym etapie. Posiadamy w\u0142asn\u0105 hurtowni\u0119, co stanowi istotny atut naszej dzia\u0142alno\u015bci. Dzi\u0119ki temu mo\u017cemy zapewni\u0107 klientom dost\u0119p do niezb\u0119dnych urz\u0105dze\u0144 i oprogramowania praktycznie od r\u0119ki, bez konieczno\u015bci d\u0142ugiego oczekiwania na dostaw\u0119.<\/p><p>Warto podkre\u015bli\u0107, \u017ce nasze urz\u0105dzenia pochodz\u0105 wy\u0142\u0105cznie z pewnych \u017ar\u00f3de\u0142, co gwarantuje ich wysok\u0105 jako\u015b\u0107 oraz niezawodno\u015b\u0107 dzia\u0142ania. Dbamy o to, aby oferowane przez nas produkty by\u0142y zgodne z najnowszymi standardami bezpiecze\u0144stwa oraz spe\u0142nia\u0142y wszelkie wymagania naszych klient\u00f3w. Nasz szeroki asortyment pozwala dopasowa\u0107 sprz\u0119t do r\u00f3\u017cnorodnych potrzeb i wymaga\u0144, zapewniaj\u0105c tym samym optymalne rozwi\u0105zania dla ka\u017cdego projektu zabezpiecze\u0144.<\/p>\t\t\t\t\t\t<\/div>\n\t\t\t\t<\/div>\n\t\t\t\t<\/div>\n\t\t<div class=\"elementor-element elementor-element-5433dba1 e-con-full e-flex e-con e-child\" data-id=\"5433dba1\" data-element_type=\"container\" data-settings=\"{&quot;content_width&quot;:&quot;full&quot;,&quot;container_type&quot;:&quot;flex&quot;}\">\n\t\t\t\t<div class=\"elementor-element elementor-element-1a4d6b2 elementor-widget elementor-widget-heading\" data-id=\"1a4d6b2\" data-element_type=\"widget\" data-widget_type=\"heading.default\">\n\t\t\t\t<div class=\"elementor-widget-container\">\n\t\t\t<h2 class=\"elementor-heading-title elementor-size-default\">Monta\u017c i instalacja<\/h2>\t\t<\/div>\n\t\t\t\t<\/div>\n\t\t\t\t<div class=\"elementor-element elementor-element-2026c6b elementor-widget elementor-widget-image\" data-id=\"2026c6b\" data-element_type=\"widget\" data-widget_type=\"image.default\">\n\t\t\t\t<div class=\"elementor-widget-container\">\n\t\t\t\t\t\t\t\t\t\t\t\t\t<img loading=\"lazy\" decoding=\"async\" width=\"300\" height=\"300\" src=\"https:\/\/www.soneo.pl\/wp-content\/uploads\/2024\/02\/installer-300x300.png\" class=\"attachment-medium size-medium wp-image-424\" alt=\"\" srcset=\"https:\/\/www.soneo.pl\/wp-content\/uploads\/2024\/02\/installer-300x300.png 300w, https:\/\/www.soneo.pl\/wp-content\/uploads\/2024\/02\/installer-150x150.png 150w, https:\/\/www.soneo.pl\/wp-content\/uploads\/2024\/02\/installer.png 512w\" sizes=\"(max-width: 300px) 100vw, 300px\" \/>\t\t\t\t\t\t\t\t\t\t\t\t\t<\/div>\n\t\t\t\t<\/div>\n\t\t\t\t<div class=\"elementor-element elementor-element-5cad82e7 elementor-widget elementor-widget-text-editor\" data-id=\"5cad82e7\" data-element_type=\"widget\" data-widget_type=\"text-editor.default\">\n\t\t\t\t<div class=\"elementor-widget-container\">\n\t\t\t\t\t\t\t<p>Monta\u017c i instalacja system\u00f3w zabezpiecze\u0144 to kluczowy etap w zapewnianiu bezpiecze\u0144stwa obiekt\u00f3w. Nasz do\u015bwiadczony zesp\u00f3\u0142 specjalist\u00f3w wykonuje te prace z pe\u0142nym zaanga\u017cowaniem i precyzj\u0105, zapewniaj\u0105c najwy\u017cszy standard. Dba\u0142o\u015b\u0107 o ka\u017cdy detal i wykorzystanie najnowszych technologii gwarantuj\u0105 skuteczno\u015b\u0107 i niezawodno\u015b\u0107 system\u00f3w. Nasze us\u0142ugi s\u0105 elastyczne i dostosowane do indywidualnych potrzeb klienta oraz specyfiki obiektu. Oferujemy kompleksow\u0105 realizacj\u0119 zgodnie z ustalonym harmonogramem i bud\u017cetem, co daje naszym klientom pewno\u015b\u0107, \u017ce ich obiekty s\u0105 bezpieczne i chronione przez profesjonalnie zainstalowane systemy zabezpiecze\u0144.<\/p><p>\u00a0<\/p>\t\t\t\t\t\t<\/div>\n\t\t\t\t<\/div>\n\t\t\t\t<\/div>\n\t\t<div class=\"elementor-element elementor-element-3c84ce9 e-con-full e-flex e-con e-child\" data-id=\"3c84ce9\" data-element_type=\"container\" data-settings=\"{&quot;content_width&quot;:&quot;full&quot;,&quot;container_type&quot;:&quot;flex&quot;}\">\n\t\t\t\t<div class=\"elementor-element elementor-element-30309b22 elementor-widget elementor-widget-heading\" data-id=\"30309b22\" data-element_type=\"widget\" data-widget_type=\"heading.default\">\n\t\t\t\t<div class=\"elementor-widget-container\">\n\t\t\t<h2 class=\"elementor-heading-title elementor-size-default\">Serwisowanie<\/h2>\t\t<\/div>\n\t\t\t\t<\/div>\n\t\t\t\t<div class=\"elementor-element elementor-element-75e1ca6 elementor-widget elementor-widget-image\" data-id=\"75e1ca6\" data-element_type=\"widget\" data-widget_type=\"image.default\">\n\t\t\t\t<div class=\"elementor-widget-container\">\n\t\t\t\t\t\t\t\t\t\t\t\t\t<img loading=\"lazy\" decoding=\"async\" width=\"300\" height=\"300\" src=\"https:\/\/www.soneo.pl\/wp-content\/uploads\/2024\/02\/serwis-300x300.png\" class=\"attachment-medium size-medium wp-image-428\" alt=\"\" srcset=\"https:\/\/www.soneo.pl\/wp-content\/uploads\/2024\/02\/serwis-300x300.png 300w, https:\/\/www.soneo.pl\/wp-content\/uploads\/2024\/02\/serwis-150x150.png 150w, https:\/\/www.soneo.pl\/wp-content\/uploads\/2024\/02\/serwis.png 512w\" sizes=\"(max-width: 300px) 100vw, 300px\" \/>\t\t\t\t\t\t\t\t\t\t\t\t\t<\/div>\n\t\t\t\t<\/div>\n\t\t\t\t<div class=\"elementor-element elementor-element-480bfd64 elementor-widget elementor-widget-text-editor\" data-id=\"480bfd64\" data-element_type=\"widget\" data-widget_type=\"text-editor.default\">\n\t\t\t\t<div class=\"elementor-widget-container\">\n\t\t\t\t\t\t\t<div class=\"flex-1 overflow-hidden\"><div class=\"react-scroll-to-bottom--css-ikspk-79elbk h-full\"><div class=\"react-scroll-to-bottom--css-ikspk-1n7m0yu\"><div class=\"flex flex-col pb-9 text-sm\"><div class=\"w-full text-token-text-primary\" data-testid=\"conversation-turn-27\"><div class=\"px-4 py-2 justify-center text-base md:gap-6 m-auto\"><div class=\"flex flex-1 text-base mx-auto gap-3 md:px-5 lg:px-1 xl:px-5 md:max-w-3xl lg:max-w-[40rem] xl:max-w-[48rem] group final-completion\"><div class=\"relative flex w-full flex-col agent-turn\"><div class=\"flex-col gap-1 md:gap-3\"><div class=\"flex flex-grow flex-col max-w-full\"><div class=\"min-h-[20px] text-message flex flex-col items-start gap-3 whitespace-pre-wrap break-words [.text-message+&amp;]:mt-5 overflow-x-auto\" data-message-author-role=\"assistant\" data-message-id=\"f1750e68-2db5-49c5-8f06-a80d01f72cae\"><div class=\"markdown prose w-full break-words dark:prose-invert light\"><p>Serwis gwarancyjny i pogwarancyjny oraz regularne przegl\u0105dy s\u0105 kluczowe dla utrzymania skuteczno\u015bci system\u00f3w zabezpiecze\u0144. Oferujemy kompleksowe wsparcie, obejmuj\u0105ce szybk\u0105 napraw\u0119 uszkodze\u0144 w ramach gwarancji oraz ci\u0105g\u0142e wsparcie po jej wyga\u015bni\u0119ciu. Nasze wykwalifikowane zespo\u0142y techniczne przeprowadzaj\u0105 dok\u0142adne przegl\u0105dy, identyfikuj\u0105c potencjalne problemy i zapobiegaj\u0105c awariom. Dzi\u0119ki naszym us\u0142ugom, nasi klienci mog\u0105 by\u0107 pewni, \u017ce ich systemy s\u0105 w pe\u0142ni sprawne i gotowe do dzia\u0142ania w ka\u017cdej sytuacji, co zapewnia im spok\u00f3j i bezpiecze\u0144stwo obiekt\u00f3w. Nasz serwis zapewnia skuteczn\u0105 i niezawodn\u0105 opiek\u0119 nad systemami zabezpiecze\u0144, co umo\u017cliwia naszym klientom skoncentrowanie si\u0119 na prowadzeniu swojej dzia\u0142alno\u015bci bez obaw o bezpiecze\u0144stwo.<\/p><\/div><\/div><\/div><\/div><\/div><\/div><\/div><\/div><\/div><\/div><\/div><\/div>\t\t\t\t\t\t<\/div>\n\t\t\t\t<\/div>\n\t\t\t\t<\/div>\n\t\t\t\t<\/div>\n\t\t\t\t<\/div>\n\t\t\t\t<\/div>\n\t\t","protected":false},"excerpt":{"rendered":"<p>Profesjonalne zabezpieczenia obiekt\u00f3w na terenie ca\u0142ego kraju Nasza firma, maj\u0105ca siedzib\u0119 w Tychach, specjalizuje si\u0119 w kompleksowych zabezpieczeniach obiekt\u00f3w na terenie ca\u0142ej Polski. , Dzia\u0142amy efektywnie dzi\u0119ki w\u0142asnym brygadom rozproszonym po r\u00f3\u017cnych miastach, co pozwala unikn\u0105\u0107 dodatkowych koszt\u00f3w. Oferujemy szeroki zakres us\u0142ug instalacyjnych elektrycznych oraz system\u00f3w zabezpiecze\u0144, w\u0142\u0105czaj\u0105c w to projektowanie, monta\u017c, serwis i konserwacj\u0119. [&hellip;]<\/p>\n","protected":false},"author":1,"featured_media":0,"parent":0,"menu_order":0,"comment_status":"closed","ping_status":"closed","template":"","meta":{"footnotes":""},"class_list":["post-395","page","type-page","status-publish","hentry"],"_links":{"self":[{"href":"https:\/\/www.soneo.pl\/index.php\/wp-json\/wp\/v2\/pages\/395","targetHints":{"allow":["GET"]}}],"collection":[{"href":"https:\/\/www.soneo.pl\/index.php\/wp-json\/wp\/v2\/pages"}],"about":[{"href":"https:\/\/www.soneo.pl\/index.php\/wp-json\/wp\/v2\/types\/page"}],"author":[{"embeddable":true,"href":"https:\/\/www.soneo.pl\/index.php\/wp-json\/wp\/v2\/users\/1"}],"replies":[{"embeddable":true,"href":"https:\/\/www.soneo.pl\/index.php\/wp-json\/wp\/v2\/comments?post=395"}],"version-history":[{"count":25,"href":"https:\/\/www.soneo.pl\/index.php\/wp-json\/wp\/v2\/pages\/395\/revisions"}],"predecessor-version":[{"id":502,"href":"https:\/\/www.soneo.pl\/index.php\/wp-json\/wp\/v2\/pages\/395\/revisions\/502"}],"wp:attachment":[{"href":"https:\/\/www.soneo.pl\/index.php\/wp-json\/wp\/v2\/media?parent=395"}],"curies":[{"name":"wp","href":"https:\/\/api.w.org\/{rel}","templated":true}]}}